{"id":14,"date":"2025-09-10T06:05:27","date_gmt":"2025-09-10T06:05:27","guid":{"rendered":"https:\/\/acfacil.mx\/?page_id=14"},"modified":"2026-03-23T23:46:27","modified_gmt":"2026-03-24T05:46:27","slug":"servicios","status":"publish","type":"page","link":"https:\/\/acfacil.mx\/index.php\/servicios\/","title":{"rendered":"servicios"},"content":{"rendered":"\n<div class=\"wp-block-stackable-columns alignfull stk-block-columns stk-block stk-0359e53\" data-block-id=\"0359e53\"><style>.stk-0359e53 {margin-top:var(--stk--preset--spacing--70, 3.38rem) !important;margin-bottom:var(--stk--preset--spacing--70, 3.38rem) !important;}<\/style><div class=\"stk-row stk-inner-blocks stk-block-content stk-content-align stk-0359e53-column alignwide\">\n<div class=\"wp-block-stackable-column stk-block-column stk-column stk-block stk-396e2e4\" data-v=\"4\" data-block-id=\"396e2e4\"><div class=\"stk-column-wrapper stk-block-column__content stk-container stk-396e2e4-container stk--no-background stk--no-padding\"><div class=\"stk-block-content stk-inner-blocks stk-396e2e4-inner-blocks\">\n<div class=\"wp-block-stackable-heading stk-block-heading stk-block-heading--v2 stk-block stk-2b4948a\" id=\"heading-placeholder\" data-block-id=\"2b4948a\"><h2 class=\"stk-block-heading__text has-text-align-center\">Servicios en Autoclimas F\u00e1cil<\/h2><\/div>\n\n\n\n<div class=\"wp-block-stackable-text stk-block-text stk-block stk-fd7e803\" data-block-id=\"fd7e803\"><p class=\"stk-block-text__text has-text-align-center\">conozca nuestros servicios mas populares<\/p><\/div>\n\n\n\n<div class=\"wp-block-stackable-columns stk-block-columns stk-block stk-20e8b2c\" data-block-id=\"20e8b2c\"><div class=\"stk-row stk-inner-blocks stk-block-content stk-content-align stk-20e8b2c-column\">\n<div class=\"wp-block-stackable-column stk-block-column stk-column stk-block stk-d9353b6\" data-v=\"4\" data-block-id=\"d9353b6\"><div class=\"stk-column-wrapper stk-block-column__content stk-container stk-d9353b6-container stk--no-background stk--no-padding\"><div class=\"stk-block-content stk-inner-blocks stk-d9353b6-inner-blocks\">\n<div class=\"wp-block-stackable-card stk-block-card stk-block stk-6839c35 is-style-default\" data-v=\"2\" data-block-id=\"6839c35\"><style>.stk-6839c35 {border-top-left-radius:var(--stk--preset--border-radius--large, 16px) !important;border-top-right-radius:var(--stk--preset--border-radius--large, 16px) !important;border-bottom-right-radius:var(--stk--preset--border-radius--large, 16px) !important;border-bottom-left-radius:var(--stk--preset--border-radius--large, 16px) !important;overflow:hidden !important;}<\/style><div class=\"stk--no-padding stk-container stk-6839c35-container stk-hover-parent\"><figure class=\"stk-block-card__image stk-img-wrapper stk-image--shape-stretch\"><img loading=\"lazy\" decoding=\"async\" class=\"stk-img wp-image-62\" src=\"https:\/\/acfacil.mx\/wp-content\/uploads\/2025\/09\/crear-imagen-referente-a-reparacion-de-autoclimas_20250918_235922_0000.jpg\" width=\"1600\" height=\"896\" srcset=\"https:\/\/acfacil.mx\/wp-content\/uploads\/2025\/09\/crear-imagen-referente-a-reparacion-de-autoclimas_20250918_235922_0000.jpg 1600w, https:\/\/acfacil.mx\/wp-content\/uploads\/2025\/09\/crear-imagen-referente-a-reparacion-de-autoclimas_20250918_235922_0000-300x168.jpg 300w, https:\/\/acfacil.mx\/wp-content\/uploads\/2025\/09\/crear-imagen-referente-a-reparacion-de-autoclimas_20250918_235922_0000-1024x573.jpg 1024w, https:\/\/acfacil.mx\/wp-content\/uploads\/2025\/09\/crear-imagen-referente-a-reparacion-de-autoclimas_20250918_235922_0000-768x430.jpg 768w, https:\/\/acfacil.mx\/wp-content\/uploads\/2025\/09\/crear-imagen-referente-a-reparacion-de-autoclimas_20250918_235922_0000-1536x860.jpg 1536w\" sizes=\"auto, (max-width: 1600px) 100vw, 1600px\" \/><\/figure><div class=\"stk-container-padding stk-block-card__content\"><div class=\"stk-block-content stk-inner-blocks stk-6839c35-inner-blocks\">\n<div class=\"wp-block-stackable-heading stk-block-heading stk-block-heading--v2 stk-block stk-ee781c2\" id=\"c-title-1-placeholder\" data-block-id=\"ee781c2\"><h3 class=\"stk-block-heading__text\">Reparaci\u00f3n del clima<\/h3><\/div>\n\n\n\n<div class=\"wp-block-stackable-text stk-block-text stk-block stk-9abbb6d\" data-block-id=\"9abbb6d\"><p class=\"stk-block-text__text\">Realizamos mantenimiento, reparaci\u00f3n e instalaci\u00f3n de aire acondicionado para coches, camionetas, vans, tractocamiones, m\u00e1quinas entre otros<\/p><\/div>\n\n\n\n<div class=\"wp-block-stackable-button-group stk-block-button-group stk-block stk-00a0113\" data-block-id=\"00a0113\"><div class=\"stk-row stk-inner-blocks has-text-align-center stk-block-content stk-button-group\">\n<div class=\"wp-block-stackable-button stk-block-button stk-block stk-49fc482\" data-block-id=\"49fc482\"><style>.stk-49fc482 .stk-button{border-top-left-radius:var(--stk--preset--border-radius--full, 9999px) !important;border-top-right-radius:var(--stk--preset--border-radius--full, 9999px) !important;border-bottom-right-radius:var(--stk--preset--border-radius--full, 9999px) !important;border-bottom-left-radius:var(--stk--preset--border-radius--full, 9999px) !important;}<\/style><a class=\"stk-link stk-button stk--hover-effect-darken\" href=\"\"><span class=\"stk-button__inner-text\">Ver m\u00e1s<\/span><\/a><\/div>\n<\/div><\/div>\n<\/div><\/div><\/div><\/div>\n<\/div><\/div><\/div>\n\n\n\n<div class=\"wp-block-stackable-column stk-block-column stk-column stk-block stk-ac02167\" data-v=\"4\" data-block-id=\"ac02167\"><div class=\"stk-column-wrapper stk-block-column__content stk-container stk-ac02167-container stk--no-background stk--no-padding\"><div class=\"stk-block-content stk-inner-blocks stk-ac02167-inner-blocks\">\n<div class=\"wp-block-stackable-card stk-block-card stk-block stk-b86afcd is-style-default\" data-v=\"2\" data-block-id=\"b86afcd\"><style>.stk-b86afcd {border-top-left-radius:var(--stk--preset--border-radius--large, 16px) !important;border-top-right-radius:var(--stk--preset--border-radius--large, 16px) !important;border-bottom-right-radius:var(--stk--preset--border-radius--large, 16px) !important;border-bottom-left-radius:var(--stk--preset--border-radius--large, 16px) !important;overflow:hidden !important;}<\/style><div class=\"stk--no-padding stk-container stk-b86afcd-container stk-hover-parent\"><figure class=\"stk-block-card__image stk-img-wrapper stk-image--shape-stretch\"><img loading=\"lazy\" decoding=\"async\" class=\"stk-img wp-image-83\" src=\"https:\/\/acfacil.mx\/wp-content\/uploads\/2025\/09\/Imagen-fotorrealista.png\" width=\"1536\" height=\"1024\" srcset=\"https:\/\/acfacil.mx\/wp-content\/uploads\/2025\/09\/Imagen-fotorrealista.png 1536w, https:\/\/acfacil.mx\/wp-content\/uploads\/2025\/09\/Imagen-fotorrealista-300x200.png 300w, https:\/\/acfacil.mx\/wp-content\/uploads\/2025\/09\/Imagen-fotorrealista-1024x683.png 1024w, https:\/\/acfacil.mx\/wp-content\/uploads\/2025\/09\/Imagen-fotorrealista-768x512.png 768w\" sizes=\"auto, (max-width: 1536px) 100vw, 1536px\" \/><\/figure><div class=\"stk-container-padding stk-block-card__content\"><div class=\"stk-block-content stk-inner-blocks stk-b86afcd-inner-blocks\">\n<div class=\"wp-block-stackable-heading stk-block-heading stk-block-heading--v2 stk-block stk-cc9f823\" id=\"c-title-2-placeholder\" data-block-id=\"cc9f823\"><h3 class=\"stk-block-heading__text\">Mec\u00e1nica r\u00e1pida<\/h3><\/div>\n\n\n\n<div class=\"wp-block-stackable-text stk-block-text stk-block stk-d4db2ed\" data-block-id=\"d4db2ed\"><p class=\"stk-block-text__text\">Mantenimiento preventivo, afinaci\u00f3n menor y mayor, cambio de bater\u00edas, reemplazo de limpiaparabrisas cambio de balatas entre otros.<\/p><\/div>\n\n\n\n<div class=\"wp-block-stackable-button-group stk-block-button-group stk-block stk-5c1ce32\" data-block-id=\"5c1ce32\"><div class=\"stk-row stk-inner-blocks has-text-align-center stk-block-content stk-button-group\">\n<div class=\"wp-block-stackable-button stk-block-button stk-block stk-b5e4c3e\" data-block-id=\"b5e4c3e\"><style>.stk-b5e4c3e .stk-button{border-top-left-radius:var(--stk--preset--border-radius--full, 9999px) !important;border-top-right-radius:var(--stk--preset--border-radius--full, 9999px) !important;border-bottom-right-radius:var(--stk--preset--border-radius--full, 9999px) !important;border-bottom-left-radius:var(--stk--preset--border-radius--full, 9999px) !important;}<\/style><a class=\"stk-link stk-button stk--hover-effect-darken\" href=\"\"><span class=\"stk-button__inner-text\">Ver m\u00e1s<\/span><\/a><\/div>\n<\/div><\/div>\n<\/div><\/div><\/div><\/div>\n<\/div><\/div><\/div>\n\n\n\n<div class=\"wp-block-stackable-column stk-block-column stk-column stk-block stk-2a80ff0\" data-v=\"4\" data-block-id=\"2a80ff0\"><div class=\"stk-column-wrapper stk-block-column__content stk-container stk-2a80ff0-container stk--no-background stk--no-padding\"><div class=\"stk-block-content stk-inner-blocks stk-2a80ff0-inner-blocks\">\n<div class=\"wp-block-stackable-card stk-block-card stk-block stk-fa3b446 is-style-default\" data-v=\"2\" data-block-id=\"fa3b446\"><style>.stk-fa3b446 {border-top-left-radius:var(--stk--preset--border-radius--large, 16px) !important;border-top-right-radius:var(--stk--preset--border-radius--large, 16px) !important;border-bottom-right-radius:var(--stk--preset--border-radius--large, 16px) !important;border-bottom-left-radius:var(--stk--preset--border-radius--large, 16px) !important;overflow:hidden !important;border-top-width:2px !important;border-right-width:2px !important;border-bottom-width:2px !important;border-left-width:2px !important;}<\/style><div class=\"stk--no-padding stk-container stk-fa3b446-container stk-hover-parent\"><figure class=\"stk-block-card__image stk-img-wrapper stk-image--shape-stretch\"><img loading=\"lazy\" decoding=\"async\" class=\"stk-img wp-image-147\" src=\"https:\/\/acfacil.mx\/wp-content\/uploads\/2026\/03\/electrico-automotriz.webp\" width=\"1200\" height=\"895\" srcset=\"https:\/\/acfacil.mx\/wp-content\/uploads\/2026\/03\/electrico-automotriz.webp 1200w, https:\/\/acfacil.mx\/wp-content\/uploads\/2026\/03\/electrico-automotriz-300x224.webp 300w, https:\/\/acfacil.mx\/wp-content\/uploads\/2026\/03\/electrico-automotriz-1024x764.webp 1024w, https:\/\/acfacil.mx\/wp-content\/uploads\/2026\/03\/electrico-automotriz-768x573.webp 768w\" sizes=\"auto, (max-width: 1200px) 100vw, 1200px\" \/><\/figure><div class=\"stk-container-padding stk-block-card__content\"><div class=\"stk-block-content stk-inner-blocks stk-fa3b446-inner-blocks\">\n<div class=\"wp-block-stackable-heading stk-block-heading stk-block-heading--v2 stk-block stk-87a506b\" id=\"c-title-3-placeholder\" data-block-id=\"87a506b\"><h3 class=\"stk-block-heading__text\">El\u00e9ctrico automotriz<\/h3><\/div>\n\n\n\n<div class=\"wp-block-stackable-text stk-block-text stk-block stk-1c0ce56\" data-block-id=\"1c0ce56\"><p class=\"stk-block-text__text\">Diagn\u00f3sticos del sistema electrico, reparacion de alternadores, reparacion de marchas, deteccion y reparacion de cortocircuitos, cambio de faros, instalaci\u00f3n de luces adicionales y mucho m\u00e1s.<\/p><\/div>\n\n\n\n<div class=\"wp-block-stackable-button-group stk-block-button-group stk-block stk-2777e12\" data-block-id=\"2777e12\"><div class=\"stk-row stk-inner-blocks has-text-align-center stk-block-content stk-button-group\">\n<div class=\"wp-block-stackable-button stk-block-button stk-block stk-c22a1c9\" data-block-id=\"c22a1c9\"><style>.stk-c22a1c9 .stk-button{border-top-left-radius:var(--stk--preset--border-radius--full, 9999px) !important;border-top-right-radius:var(--stk--preset--border-radius--full, 9999px) !important;border-bottom-right-radius:var(--stk--preset--border-radius--full, 9999px) !important;border-bottom-left-radius:var(--stk--preset--border-radius--full, 9999px) !important;}<\/style><a class=\"stk-link stk-button stk--hover-effect-darken\" href=\"\"><span class=\"stk-button__inner-text\">Ver m\u00e1s<\/span><\/a><\/div>\n<\/div><\/div>\n<\/div><\/div><\/div><\/div>\n<\/div><\/div><\/div>\n\n\n\n<div class=\"wp-block-stackable-column stk-block-column stk-column stk-block stk-729a474\" data-v=\"4\" data-block-id=\"729a474\"><div class=\"stk-column-wrapper stk-block-column__content stk-container stk-729a474-container stk--no-background stk--no-padding\"><div class=\"stk-block-content stk-inner-blocks stk-729a474-inner-blocks\">\n<div class=\"wp-block-stackable-card stk-block-card stk-block stk-4374a7d is-style-default\" data-v=\"2\" data-block-id=\"4374a7d\"><style>.stk-4374a7d {border-top-left-radius:var(--stk--preset--border-radius--large, 16px) !important;border-top-right-radius:var(--stk--preset--border-radius--large, 16px) !important;border-bottom-right-radius:var(--stk--preset--border-radius--large, 16px) !important;border-bottom-left-radius:var(--stk--preset--border-radius--large, 16px) !important;overflow:hidden !important;border-top-width:2px !important;border-right-width:2px !important;border-bottom-width:2px !important;border-left-width:2px !important;}<\/style><div class=\"stk--no-padding stk-container stk-4374a7d-container stk-hover-parent\"><figure class=\"stk-block-card__image stk-img-wrapper stk-image--shape-stretch\"><img loading=\"lazy\" decoding=\"async\" class=\"stk-img wp-image-173\" src=\"https:\/\/acfacil.mx\/wp-content\/uploads\/2026\/03\/ACF-unicolor-positivo.png\" width=\"1000\" height=\"1000\" srcset=\"https:\/\/acfacil.mx\/wp-content\/uploads\/2026\/03\/ACF-unicolor-positivo.png 1000w, https:\/\/acfacil.mx\/wp-content\/uploads\/2026\/03\/ACF-unicolor-positivo-300x300.png 300w, https:\/\/acfacil.mx\/wp-content\/uploads\/2026\/03\/ACF-unicolor-positivo-150x150.png 150w, https:\/\/acfacil.mx\/wp-content\/uploads\/2026\/03\/ACF-unicolor-positivo-768x768.png 768w\" sizes=\"auto, (max-width: 1000px) 100vw, 1000px\" \/><\/figure><div class=\"stk-container-padding stk-block-card__content\"><div class=\"stk-block-content stk-inner-blocks stk-4374a7d-inner-blocks\">\n<div class=\"wp-block-stackable-heading stk-block-heading stk-block-heading--v2 stk-block stk-cf1af49\" id=\"c-title-3-placeholder\" data-block-id=\"cf1af49\"><h3 class=\"stk-block-heading__text\">Escaneo por computadora<\/h3><\/div>\n\n\n\n<div class=\"wp-block-stackable-text stk-block-text stk-block stk-3bd9b35\" data-block-id=\"3bd9b35\"><p class=\"stk-block-text__text\">Escaneo completo o especifico por computadora para consultar las fallas o errores de c\u00f3digo.<\/p><\/div>\n\n\n\n<div class=\"wp-block-stackable-button-group stk-block-button-group stk-block stk-54b8d34\" data-block-id=\"54b8d34\"><div class=\"stk-row stk-inner-blocks has-text-align-center stk-block-content stk-button-group\">\n<div class=\"wp-block-stackable-button stk-block-button stk-block stk-267a3d9\" data-block-id=\"267a3d9\"><style>.stk-267a3d9 .stk-button{border-top-left-radius:var(--stk--preset--border-radius--full, 9999px) !important;border-top-right-radius:var(--stk--preset--border-radius--full, 9999px) !important;border-bottom-right-radius:var(--stk--preset--border-radius--full, 9999px) !important;border-bottom-left-radius:var(--stk--preset--border-radius--full, 9999px) !important;}<\/style><a class=\"stk-link stk-button stk--hover-effect-darken\" href=\"\"><span class=\"stk-button__inner-text\">Ver m\u00e1s<\/span><\/a><\/div>\n<\/div><\/div>\n<\/div><\/div><\/div><\/div>\n<\/div><\/div><\/div>\n<\/div><\/div>\n<\/div><\/div><\/div>\n<\/div><\/div>\n\n\n\n<div class=\"wp-block-stackable-columns alignfull stk-block-columns stk-block stk-59c5e45\" data-block-id=\"59c5e45\"><style>.stk-59c5e45 .stk--block-align-59c5e45{align-items:center !important;}.stk-59c5e45 {margin-top:var(--stk--preset--spacing--70, 3.38rem) !important;margin-bottom:nullpx !important;}.stk-59c5e45-column{--stk-column-gap:var(--stk--preset--spacing--40, 30px) !important;}<\/style><div class=\"stk-row stk-inner-blocks stk--block-align-59c5e45 stk-block-content stk-content-align stk-59c5e45-column alignwide\">\n<div class=\"wp-block-stackable-column stk-block-column stk-column stk-block stk-e41ae8e\" data-v=\"4\" data-block-id=\"e41ae8e\"><style>@media screen and (min-width:690px){.stk-e41ae8e {flex:var(--stk-flex-grow, 1) 1 calc(20% - var(--stk-column-gap, 0px) * 1 \/ 2 ) !important;}}<\/style><div class=\"stk-column-wrapper stk-block-column__content stk-container stk-e41ae8e-container stk--no-background stk--no-padding\"><div class=\"has-text-align-center stk-block-content stk-inner-blocks stk-e41ae8e-inner-blocks\">\n<div class=\"wp-block-stackable-image stk-block-image stk-block stk-7149b66\" data-block-id=\"7149b66\"><style>.stk-7149b66 .stk-img-wrapper{aspect-ratio:1\/1 !important;height:auto !important;}@media screen and (max-width:999px){.stk-7149b66 .stk-img-wrapper{height:auto !important;}}@media screen and (max-width:689px){.stk-7149b66 .stk-img-wrapper{height:auto !important;}}<\/style><figure><span class=\"stk-img-wrapper stk-image--shape-stretch\"><img loading=\"lazy\" decoding=\"async\" class=\"stk-img wp-image-173\" src=\"https:\/\/acfacil.mx\/wp-content\/uploads\/2026\/03\/ACF-unicolor-positivo.png\" width=\"1000\" height=\"1000\" srcset=\"https:\/\/acfacil.mx\/wp-content\/uploads\/2026\/03\/ACF-unicolor-positivo.png 1000w, https:\/\/acfacil.mx\/wp-content\/uploads\/2026\/03\/ACF-unicolor-positivo-300x300.png 300w, https:\/\/acfacil.mx\/wp-content\/uploads\/2026\/03\/ACF-unicolor-positivo-150x150.png 150w, https:\/\/acfacil.mx\/wp-content\/uploads\/2026\/03\/ACF-unicolor-positivo-768x768.png 768w\" sizes=\"auto, (max-width: 1000px) 100vw, 1000px\" \/><\/span><\/figure><\/div>\n<\/div><\/div><\/div>\n\n\n\n<div class=\"wp-block-stackable-column stk-block-column stk-column stk-block stk-ab5c416\" data-v=\"4\" data-block-id=\"ab5c416\"><style>@media screen and (min-width:690px){.stk-ab5c416 {flex:var(--stk-flex-grow, 1) 1 calc(80% - var(--stk-column-gap, 0px) * 1 \/ 2 ) !important;}}<\/style><div class=\"stk-column-wrapper stk-block-column__content stk-container stk-ab5c416-container stk--no-background stk--no-padding\"><div class=\"stk-block-content stk-inner-blocks stk-ab5c416-inner-blocks\">\n<div class=\"wp-block-stackable-heading stk-block-heading stk-block-heading--v2 stk-block stk-4945094\" id=\"heading-placeholder\" data-block-id=\"4945094\"><h2 class=\"stk-block-heading__text\">Fallas comunes en el sistema de aire acondicionado automotriz<\/h2><\/div>\n\n\n\n<div class=\"wp-block-stackable-text stk-block-text stk-block stk-5cd8280\" data-block-id=\"5cd8280\"><style>.stk-5cd8280 {margin-bottom:40px !important;}<\/style><p class=\"stk-block-text__text\">problemas del compresor<\/p><\/div>\n\n\n\n<div class=\"wp-block-stackable-text stk-block-text stk-block stk-31ba2e3\" data-block-id=\"31ba2e3\"><style>.stk-31ba2e3 {margin-bottom:40px !important;}<\/style><p class=\"stk-block-text__text\">problemas del condensador<\/p><\/div>\n\n\n\n<div class=\"wp-block-stackable-text stk-block-text stk-block stk-6b07e3b\" data-block-id=\"6b07e3b\"><style>.stk-6b07e3b {margin-bottom:40px !important;}<\/style><p class=\"stk-block-text__text\">problemas del evaporador<\/p><\/div>\n\n\n\n<div class=\"wp-block-stackable-text stk-block-text stk-block stk-1a830f5\" data-block-id=\"1a830f5\"><style>.stk-1a830f5 {margin-bottom:40px !important;}<\/style><p class=\"stk-block-text__text\">problemas del sistema el\u00e9ctrico<\/p><\/div>\n<\/div><\/div><\/div>\n<\/div><\/div>\n\n\n\n<p><\/p>\n","protected":false},"excerpt":{"rendered":"<p>Servicios en Autoclimas F\u00e1cil conozca nuestros servicios mas populares Reparaci\u00f3n del clima Realizamos mantenimiento, reparaci\u00f3n e instalaci\u00f3n de aire acondicionado para coches, camionetas, vans, tractocamiones, m\u00e1quinas entre otros Ver m\u00e1s Mec\u00e1nica r\u00e1pida Mantenimiento preventivo, afinaci\u00f3n menor y mayor, cambio de bater\u00edas, reemplazo de limpiaparabrisas cambio de balatas entre otros. Ver m\u00e1s El\u00e9ctrico automotriz Diagn\u00f3sticos del [&hellip;]<\/p>\n","protected":false},"author":1,"featured_media":0,"parent":0,"menu_order":0,"comment_status":"closed","ping_status":"closed","template":"","meta":{"_monsterinsights_skip_tracking":false,"_monsterinsights_sitenote_active":false,"_monsterinsights_sitenote_note":"","_monsterinsights_sitenote_category":0,"footnotes":""},"class_list":["post-14","page","type-page","status-publish","hentry"],"blocksy_meta":{"page_structure_type":"default","styles_descriptor":{"styles":{"desktop":"","tablet":"","mobile":""},"google_fonts":[],"version":6}},"aioseo_notices":[],"_links":{"self":[{"href":"https:\/\/acfacil.mx\/index.php\/wp-json\/wp\/v2\/pages\/14","targetHints":{"allow":["GET"]}}],"collection":[{"href":"https:\/\/acfacil.mx\/index.php\/wp-json\/wp\/v2\/pages"}],"about":[{"href":"https:\/\/acfacil.mx\/index.php\/wp-json\/wp\/v2\/types\/page"}],"author":[{"embeddable":true,"href":"https:\/\/acfacil.mx\/index.php\/wp-json\/wp\/v2\/users\/1"}],"replies":[{"embeddable":true,"href":"https:\/\/acfacil.mx\/index.php\/wp-json\/wp\/v2\/comments?post=14"}],"version-history":[{"count":11,"href":"https:\/\/acfacil.mx\/index.php\/wp-json\/wp\/v2\/pages\/14\/revisions"}],"predecessor-version":[{"id":175,"href":"https:\/\/acfacil.mx\/index.php\/wp-json\/wp\/v2\/pages\/14\/revisions\/175"}],"wp:attachment":[{"href":"https:\/\/acfacil.mx\/index.php\/wp-json\/wp\/v2\/media?parent=14"}],"curies":[{"name":"wp","href":"https:\/\/api.w.org\/{rel}","templated":true}]}}