{"id":15,"date":"2025-09-10T06:05:27","date_gmt":"2025-09-10T06:05:27","guid":{"rendered":"https:\/\/acfacil.mx\/?page_id=15"},"modified":"2025-10-14T06:29:09","modified_gmt":"2025-10-14T06:29:09","slug":"nosotros","status":"publish","type":"page","link":"https:\/\/acfacil.mx\/index.php\/nosotros\/","title":{"rendered":"nosotros"},"content":{"rendered":"\n<div class=\"wp-block-stackable-columns alignfull stk-block-columns stk-block stk-948158f stk-block-background stk--has-background-overlay\" data-block-id=\"948158f\"><style>.stk-948158f {background-image:url(https:\/\/acfacil.mx\/wp-content\/uploads\/2025\/09\/FOTO-TALLER-DE-FRENTE.jpeg) !important;min-height:500px !important;align-items:center !important;padding-top:var(--stk--preset--spacing--70, 3.38rem) !important;padding-right:var(--stk--preset--spacing--70, 3.38rem) !important;padding-bottom:var(--stk--preset--spacing--70, 3.38rem) !important;padding-left:var(--stk--preset--spacing--70, 3.38rem) !important;margin-bottom:0px !important;display:flex !important;}.stk-948158f:before{background-color:#000000 !important;opacity:0.6 !important;}<\/style><div class=\"stk-row stk-inner-blocks stk-block-content stk-content-align stk-948158f-column alignwide\">\n<div class=\"wp-block-stackable-column stk-block-column stk-column stk-block stk-e6181e0\" data-v=\"4\" data-block-id=\"e6181e0\"><div class=\"stk-column-wrapper stk-block-column__content stk-container stk-e6181e0-container stk--no-background stk--no-padding\"><div class=\"stk-block-content stk-inner-blocks stk-e6181e0-inner-blocks\">\n<div class=\"wp-block-stackable-subtitle stk-block-subtitle stk-block stk-b2957a3\" data-block-id=\"b2957a3\"><style>.stk-b2957a3 .stk-block-subtitle__text{color:#ffffff !important;text-transform:uppercase !important;}<\/style><p class=\"stk-block-subtitle__text stk-subtitle has-text-color has-text-align-center\">en ac-f\u00e1cil brindamos soluciones<\/p><\/div>\n\n\n\n<div class=\"wp-block-stackable-heading stk-block-heading stk-block-heading--v2 stk-block stk-a9a4032\" id=\"heading-placeholder\" data-block-id=\"a9a4032\"><style>.stk-a9a4032 .stk-block-heading__text{color:#ffffff !important;}<\/style><h2 class=\"stk-block-heading__text has-text-color has-text-align-center\">En autoclimas f\u00e1cil brindamos servicios para tractoclimas, autoclimas, mec\u00e1nica r\u00e1pida y el\u00e9ctrico automotriz<\/h2><\/div>\n\n\n\n<div class=\"wp-block-stackable-text stk-block-text stk-block stk-3aacf9b\" data-block-id=\"3aacf9b\"><style>.stk-3aacf9b .stk-block-text__text{color:#ffffff !important;}<\/style><p class=\"stk-block-text__text has-text-color has-text-align-justify\">Buscamos la soluci\u00f3n a tu inconveniente con el aire acondicionado, siempre procuramos resolver el mismo d\u00eda para que sigas viajando c\u00f3modo y sin preocupaciones por el calor, tambi\u00e9n contamos con servicio de afinaciones, cambios de valeros, cambio de balatas, cambio de amortiguadores, para darle mantenimiento a tu veh\u00edculo, realizamos reparaciones el\u00e9ctricas tales como detecci\u00f3n y reparaci\u00f3n de corto circuito, reparaci\u00f3n de marchas, cambios e instalaci\u00f3n de luces, circuitos derivados e independientes y mucho mas.<\/p><\/div>\n\n\n\n<div class=\"wp-block-stackable-button-group stk-block-button-group stk-block stk-357a0aa\" data-block-id=\"357a0aa\"><div class=\"stk-row stk-inner-blocks has-text-align-center stk-block-content stk-button-group\">\n<div class=\"wp-block-stackable-button stk-block-button stk-block stk-b9c7b2e\" data-block-id=\"b9c7b2e\"><style>.stk-b9c7b2e {border-top-left-radius:var(--stk--preset--border-radius--x-large, 24px) !important;border-top-right-radius:var(--stk--preset--border-radius--x-large, 24px) !important;border-bottom-right-radius:var(--stk--preset--border-radius--x-large, 24px) !important;border-bottom-left-radius:var(--stk--preset--border-radius--x-large, 24px) !important;overflow:hidden !important;}.stk-b9c7b2e .stk-button{background:#010080 !important;}.stk-b9c7b2e .stk-button:before{border-color:#010080 !important;}.stk-b9c7b2e .stk-button .stk--inner-svg svg:last-child, .stk-b9c7b2e .stk-button .stk--inner-svg svg:last-child :is(g, path, rect, polygon, ellipse){fill:#010080 !important;}.stk-b9c7b2e .stk-button__inner-text{font-size:var(--stk--preset--font-size--medium, 20px) !important;}@media screen and (max-width:999px){.stk-b9c7b2e .stk-button__inner-text{font-size:var(--stk--preset--font-size--medium, 20px) !important;}}<\/style><a class=\"stk-link stk-button stk--hover-effect-darken\" href=\"https:\/\/acfacil.mx\/index.php\/contacto\/\" rel=\"noreferrer noopener\"><span class=\"stk-button__inner-text\">Como llegar<\/span><\/a><\/div>\n<\/div><\/div>\n<\/div><\/div><\/div>\n<\/div><\/div>\n\n\n\n<p><\/p>\n","protected":false},"excerpt":{"rendered":"<p>en ac-f\u00e1cil brindamos soluciones En autoclimas f\u00e1cil brindamos servicios para tractoclimas, autoclimas, mec\u00e1nica r\u00e1pida y el\u00e9ctrico automotriz Buscamos la soluci\u00f3n a tu inconveniente con el aire acondicionado, siempre procuramos resolver el mismo d\u00eda para que sigas viajando c\u00f3modo y sin preocupaciones por el calor, tambi\u00e9n contamos con servicio de afinaciones, cambios de valeros, cambio de [&hellip;]<\/p>\n","protected":false},"author":1,"featured_media":0,"parent":0,"menu_order":0,"comment_status":"closed","ping_status":"closed","template":"","meta":{"_monsterinsights_skip_tracking":false,"_monsterinsights_sitenote_active":false,"_monsterinsights_sitenote_note":"","_monsterinsights_sitenote_category":0,"footnotes":""},"class_list":["post-15","page","type-page","status-publish","hentry"],"blocksy_meta":{"page_structure_type":"type-3","styles_descriptor":{"styles":{"desktop":"","tablet":"","mobile":""},"google_fonts":[],"version":6}},"aioseo_notices":[],"_links":{"self":[{"href":"https:\/\/acfacil.mx\/index.php\/wp-json\/wp\/v2\/pages\/15","targetHints":{"allow":["GET"]}}],"collection":[{"href":"https:\/\/acfacil.mx\/index.php\/wp-json\/wp\/v2\/pages"}],"about":[{"href":"https:\/\/acfacil.mx\/index.php\/wp-json\/wp\/v2\/types\/page"}],"author":[{"embeddable":true,"href":"https:\/\/acfacil.mx\/index.php\/wp-json\/wp\/v2\/users\/1"}],"replies":[{"embeddable":true,"href":"https:\/\/acfacil.mx\/index.php\/wp-json\/wp\/v2\/comments?post=15"}],"version-history":[{"count":4,"href":"https:\/\/acfacil.mx\/index.php\/wp-json\/wp\/v2\/pages\/15\/revisions"}],"predecessor-version":[{"id":101,"href":"https:\/\/acfacil.mx\/index.php\/wp-json\/wp\/v2\/pages\/15\/revisions\/101"}],"wp:attachment":[{"href":"https:\/\/acfacil.mx\/index.php\/wp-json\/wp\/v2\/media?parent=15"}],"curies":[{"name":"wp","href":"https:\/\/api.w.org\/{rel}","templated":true}]}}